{"id":6176,"date":"2019-03-29T10:58:04","date_gmt":"2019-03-29T09:58:04","guid":{"rendered":"https:\/\/radiopark.de\/imprint\/"},"modified":"2026-04-28T11:07:23","modified_gmt":"2026-04-28T09:07:23","slug":"imprint","status":"publish","type":"page","link":"https:\/\/radiopark.de\/en\/imprint\/","title":{"rendered":"Imprint"},"content":{"rendered":"<p>[et_pb_section fb_built=&#8221;1&#8243; fullwidth=&#8221;on&#8221; admin_label=&#8221;Header Image&#8221; _builder_version=&#8221;3.22&#8243; global_colors_info=&#8221;{}&#8221;][et_pb_fullwidth_image src=&#8221;https:\/\/radiopark.de\/app\/uploads\/2019\/03\/radiopark-header-clients.jpg&#8221; _builder_version=&#8221;3.21.1&#8243; global_colors_info=&#8221;{}&#8221;][\/et_pb_fullwidth_image][\/et_pb_section][et_pb_section fb_built=&#8221;1&#8243; _builder_version=&#8221;3.22&#8243; global_colors_info=&#8221;{}&#8221;][et_pb_row _builder_version=&#8221;3.25&#8243; background_size=&#8221;initial&#8221; background_position=&#8221;top_left&#8221; background_repeat=&#8221;repeat&#8221; global_colors_info=&#8221;{}&#8221;][et_pb_column type=&#8221;4_4&#8243; _builder_version=&#8221;3.25&#8243; custom_padding=&#8221;|||&#8221; global_colors_info=&#8221;{}&#8221; custom_padding__hover=&#8221;|||&#8221;][et_pb_text _builder_version=&#8221;3.27.4&#8243; background_size=&#8221;initial&#8221; background_position=&#8221;top_left&#8221; background_repeat=&#8221;repeat&#8221; global_colors_info=&#8221;{}&#8221;]<\/p>\n<h4>Radiopark GmbH &amp; Co KG<\/h4>\n<p>Gro\u00dfe Bleichen 21<br \/>GALLERIA, Turm C, 4. OG<\/p>\n<p>20354 Hamburg<\/p>\n<p>Tel +49 40 43 09 37 0<br \/>Fax +49 40 43 09 37 77<\/p>\n<p><span style=\"color: #000000;\"><a href=\"mailto:info@radiopark.de\" style=\"color: #000000;\">info@radiopark.de<\/a><\/span><br \/>www.radiopark.de<\/p>\n<p>Gesch\u00e4ftsf\u00fchrung: Viktoria Schamberger &amp; Daniel Stoiber<br \/>Eingetragen im Handelsregister der Hansestadt Hamburg<br \/>HR B 84 559<\/p>\n<p>Pers\u00f6nlich haftende Gesellschaft:<\/p>\n<p>Radiopark GmbH<br \/>Gro\u00dfe Bleichen 21<br \/>20354 Hamburg<\/p>\n<p>Eingetragen im Handelsregister der Hansestadt Hamburg<br \/>HR A 98 160<\/p>\n<p>USt. IdNr.: DE 226689482<br \/>Steuer-Nr. 48\/653\/01400<\/p>\n<p>V.i.S.P: <span data-olk-copy-source=\"MessageBody\">Viktoria Schamberger &amp; Daniel Stoiber<\/span>, Gesch\u00e4ftsf\u00fchrung<\/p>\n<p>Allgemeine Inhaltliche Verantwortung: Bez\u00fcglich eigener redaktioneller Inhalte bestehteine inhaltliche<br \/>Verantwortlichkeit der Radiopark GmbH &amp; Co. KG im Rahmen der Haftungsbeschr\u00e4nkungen unserer Allgemeinen<br \/>Gesch\u00e4ftsbedingungen.<\/p>\n<h5><strong>1. Haftungsbeschr\u00e4nkung<\/strong><\/h5>\n<h6>Inhalte dieser Website<\/h6>\n<p>Die Inhalte dieser Website werden mit gr\u00f6\u00dftm\u00f6glicher Sorgfalt erstellt. Der Anbieter \u00fcbernimmt jedoch keine<br \/>Gew\u00e4hr f\u00fcr die Richtigkeit, Vollst\u00e4ndigkeit und Aktualit\u00e4t der bereitgestellten Inhalte. Die Nutzung der<br \/>Inhalte der Website erfolgt auf eigene Gefahr des Nutzers. Namentlich gekennzeichnete Beitr\u00e4ge geben die<br \/>Meinung des jeweiligen Autors und nicht immer die Meinung des Anbieters wieder.   <\/p>\n<h6>Verf\u00fcgbarkeit der Website<\/h6>\n<p>Der Anbieter wird sich bem\u00fchen, den Dienst m\u00f6glichst unterbrechungsfrei zum Abruf anzubieten. Auch bei aller<br \/>Sorgfalt k\u00f6nnen aber Ausfallzeiten nicht ausgeschlossen werden. Der Anbieter beh\u00e4lt sich das Recht vor, sein<br \/>Angebot jederzeit zu \u00e4ndern oder einzustellen.  <\/p>\n<h6>Externe Links<\/h6>\n<p>Diese Website enth\u00e4lt Verkn\u00fcpfungen zu Websites Dritter (\u201cexterne Links\u201d). Diese Websites unterliegen der<br \/>Haftung der jeweiligen Betreiber. Der Anbieter hat bei der erstmaligen Verkn\u00fcpfung der externen Links die<br \/>fremden Inhalte daraufhin \u00fcberpr\u00fcft, ob etwaige Rechtsverst\u00f6\u00dfe bestehen. Zu dem Zeitpunkt waren keine<br \/>Rechtsverst\u00f6\u00dfe ersichtlich. Der Anbieter hat keinerlei Einfluss auf die aktuelle und zuk\u00fcnftige Gestaltung und<br \/>auf die Inhalte der verkn\u00fcpften Seiten. Das Setzen von externen Links bedeutet nicht, dass sich der Anbieter<br \/>die hinter dem Verweis oder Link liegenden Inhalte zu Eigen macht. Eine st\u00e4ndige Kontrolle dieser externen<br \/>Links ist f\u00fcr den Anbieter ohne konkrete Hinweise auf Rechtsverst\u00f6\u00dfe nicht zumutbar. Bei Kenntnis von<br \/>Rechtsverst\u00f6\u00dfen werden jedoch derartige externe Links unverz\u00fcglich gel\u00f6scht.       <\/p>\n<h6>Werbeanzeigen<\/h6>\n<p>F\u00fcr den Inhalt der Werbeanzeigen ist der jeweilige Autor verantwortlich, ebenso wie f\u00fcr den Inhalt der<br \/>beworbenen Website. Die Darstellung der Werbeanzeige stellt keine Akzeptanz durch den Anbieter dar. <\/p>\n<h6>Kein Vertragsverh\u00e4ltnis<\/h6>\n<p>Mit der Nutzung der Website des Anbieters kommt keinerlei Vertragsverh\u00e4ltnis zwischen dem Nutzer und dem<br \/>Anbieter zustande. Insofern ergeben sich auch keinerlei vertragliche oder quasivertragliche Anspr\u00fcche gegen<br \/>den Anbieter. <\/p>\n<h5><strong>2. Urheberrecht<\/strong><\/h5>\n<p>Die auf dieser Website ver\u00f6ffentlichten Inhalte unterliegen dem deutschen Urheberrecht. Jede vom deutschen<br \/>Urheberrecht nicht zugelassene Verwertung bedarf der vorherigen schriftlichen Zustimmung des Anbieters oder<br \/>jeweiligen Rechteinhabers. Dies gilt insbesondere f\u00fcr Vervielf\u00e4ltigung, Bearbeitung, \u00dcbersetzung,<br \/>Einspeicherung, Verarbeitung bzw. Wiedergabe von Inhalten in Datenbanken oder anderen elektronischen Medien<br \/>und Systemen. Inhalte und Rechte Dritter sind dabei als solche gekennzeichnet. Die unerlaubte Vervielf\u00e4ltigung<br \/>oder Weitergabe einzelner Inhalte oder kompletter Seiten ist nicht gestattet und strafbar. Lediglich die<br \/>Herstellung von Kopien und Downloads f\u00fcr den pers\u00f6nlichen, privaten und nicht kommerziellen Gebrauch ist<br \/>erlaubt.     <\/p>\n<p>Links zur Website des Anbieters sind jederzeit willkommen und bed\u00fcrfen keiner Zustimmung durch den Anbieter<br \/>der Website. Die Darstellung dieser Website in fremden Frames ist nur mit Erlaubnis zul\u00e4ssig. <\/p>\n<h5><strong>3. Datenschutz<\/strong><\/h5>\n<p>Durch den Besuch der Website des Anbieters k\u00f6nnen Informationen \u00fcber den Zugriff (Datum, Uhrzeit, betrachtete<br \/>Seite) auf dem Server gespeichert werden. Diese Daten geh\u00f6ren nicht zu den personenbezogenen Daten, sondern<br \/>sind anonymisiert. Sie werden ausschlie\u00dflich zu statistischen Zwecken ausgewertet. Eine Weitergabe an Dritte,<br \/>zu kommerziellen oder nichtkommerziellen Zwecken, findet nicht statt.   <\/p>\n<p>Der Anbieter weist ausdr\u00fccklich darauf hin, dass die Daten\u00fcbertragung im Internet (z.B. bei der Kommunikation<br \/>per E-Mail) Sicherheitsl\u00fccken aufweisen und nicht l\u00fcckenlos vor dem Zugriff durch Dritte gesch\u00fctzt werden<br \/>kann.<\/p>\n<p>Die Verwendung der Kontaktdaten des Impressums zur gewerblichen Werbung ist ausdr\u00fccklich nicht erw\u00fcnscht, es<br \/>sei denn der Anbieter hatte zuvor seine schriftliche Einwilligung erteilt oder es besteht bereits eine<br \/>Gesch\u00e4ftsbeziehung. Der Anbieter und alle auf dieser Website genannten Personen widersprechen hiermit jeder<br \/>kommerziellen Verwendung und Weitergabe ihrer Daten. <\/p>\n<h5><strong>4. Anwendbares Recht<\/strong><\/h5>\n<p>Es gilt ausschlie\u00dflich das ma\u00dfgebliche Recht der Bundesrepublik Deutschland.<\/p>\n<p>[\/et_pb_text][\/et_pb_column][\/et_pb_row][\/et_pb_section]<\/p>\n","protected":false},"excerpt":{"rendered":"<p>Radiopark GmbH &amp; Co KG Gro\u00dfe Bleichen 21GALLERIA, Turm C, 4. OG 20354 Hamburg Tel +49 40 43 09 37 0Fax +49 40 43 09 37 77 info@radiopark.dewww.radiopark.de Gesch\u00e4ftsf\u00fchrung: Viktoria Schamberger &amp; Daniel StoiberEingetragen im Handelsregister der Hansestadt HamburgHR B 84 559 Pers\u00f6nlich haftende Gesellschaft: Radiopark GmbHGro\u00dfe Bleichen 2120354 Hamburg Eingetragen im Handelsregister der Hansestadt [&hellip;]<\/p>\n","protected":false},"author":11,"featured_media":0,"parent":0,"menu_order":0,"comment_status":"closed","ping_status":"closed","template":"","meta":{"_acf_changed":false,"_et_pb_use_builder":"on","_et_pb_old_content":"","_et_gb_content_width":"","footnotes":""},"class_list":["post-6176","page","type-page","status-publish","hentry"],"acf":[],"yoast_head":"<!-- This site is optimized with the Yoast SEO plugin v27.3 - https:\/\/yoast.com\/product\/yoast-seo-wordpress\/ -->\n<title>Imprint Radiopark - Emotions in Music<\/title>\n<meta name=\"description\" content=\"Imprint : Radiopark GmbH &amp; Co KG - Gro\u00dfe Bleichen 21, 20354 Hamburg \u260f +49 40 43 09 37 0 \u2709 info@radiopark.de\" \/>\n<meta name=\"robots\" content=\"index, follow, max-snippet:-1, max-image-preview:large, max-video-preview:-1\" \/>\n<link rel=\"canonical\" href=\"https:\/\/radiopark.de\/en\/imprint\/\" \/>\n<meta property=\"og:locale\" content=\"en_US\" \/>\n<meta property=\"og:type\" content=\"article\" \/>\n<meta property=\"og:title\" content=\"Imprint Radiopark - Emotions in Music\" \/>\n<meta property=\"og:description\" content=\"Imprint : Radiopark GmbH &amp; Co KG - Gro\u00dfe Bleichen 21, 20354 Hamburg \u260f +49 40 43 09 37 0 \u2709 info@radiopark.de\" \/>\n<meta property=\"og:url\" content=\"https:\/\/radiopark.de\/en\/imprint\/\" \/>\n<meta property=\"og:site_name\" content=\"Radiopark | Emotions in Music\" \/>\n<meta property=\"article:modified_time\" content=\"2026-04-28T09:07:23+00:00\" \/>\n<meta name=\"twitter:card\" content=\"summary_large_image\" \/>\n<meta name=\"twitter:label1\" content=\"Est. reading time\" \/>\n\t<meta name=\"twitter:data1\" content=\"4 minutes\" \/>\n<script type=\"application\/ld+json\" class=\"yoast-schema-graph\">{\"@context\":\"https:\\\/\\\/schema.org\",\"@graph\":[{\"@type\":\"WebPage\",\"@id\":\"https:\\\/\\\/radiopark.de\\\/en\\\/imprint\\\/\",\"url\":\"https:\\\/\\\/radiopark.de\\\/en\\\/imprint\\\/\",\"name\":\"Imprint Radiopark - Emotions in Music\",\"isPartOf\":{\"@id\":\"https:\\\/\\\/radiopark.de\\\/en\\\/#website\"},\"datePublished\":\"2019-03-29T09:58:04+00:00\",\"dateModified\":\"2026-04-28T09:07:23+00:00\",\"description\":\"Imprint : Radiopark GmbH & Co KG - Gro\u00dfe Bleichen 21, 20354 Hamburg \u260f +49 40 43 09 37 0 \u2709 info@radiopark.de\",\"breadcrumb\":{\"@id\":\"https:\\\/\\\/radiopark.de\\\/en\\\/imprint\\\/#breadcrumb\"},\"inLanguage\":\"en-US\",\"potentialAction\":[{\"@type\":\"ReadAction\",\"target\":[\"https:\\\/\\\/radiopark.de\\\/en\\\/imprint\\\/\"]}]},{\"@type\":\"BreadcrumbList\",\"@id\":\"https:\\\/\\\/radiopark.de\\\/en\\\/imprint\\\/#breadcrumb\",\"itemListElement\":[{\"@type\":\"ListItem\",\"position\":1,\"name\":\"Home\",\"item\":\"https:\\\/\\\/radiopark.de\\\/en\\\/\"},{\"@type\":\"ListItem\",\"position\":2,\"name\":\"Imprint\"}]},{\"@type\":\"WebSite\",\"@id\":\"https:\\\/\\\/radiopark.de\\\/en\\\/#website\",\"url\":\"https:\\\/\\\/radiopark.de\\\/en\\\/\",\"name\":\"Radiopark | Emotions in Music\",\"description\":\"Music that matters\",\"potentialAction\":[{\"@type\":\"SearchAction\",\"target\":{\"@type\":\"EntryPoint\",\"urlTemplate\":\"https:\\\/\\\/radiopark.de\\\/en\\\/?s={search_term_string}\"},\"query-input\":{\"@type\":\"PropertyValueSpecification\",\"valueRequired\":true,\"valueName\":\"search_term_string\"}}],\"inLanguage\":\"en-US\"}]}<\/script>\n<!-- \/ Yoast SEO plugin. -->","yoast_head_json":{"title":"Imprint Radiopark - Emotions in Music","description":"Imprint : Radiopark GmbH & Co KG - Gro\u00dfe Bleichen 21, 20354 Hamburg \u260f +49 40 43 09 37 0 \u2709 info@radiopark.de","robots":{"index":"index","follow":"follow","max-snippet":"max-snippet:-1","max-image-preview":"max-image-preview:large","max-video-preview":"max-video-preview:-1"},"canonical":"https:\/\/radiopark.de\/en\/imprint\/","og_locale":"en_US","og_type":"article","og_title":"Imprint Radiopark - Emotions in Music","og_description":"Imprint : Radiopark GmbH & Co KG - Gro\u00dfe Bleichen 21, 20354 Hamburg \u260f +49 40 43 09 37 0 \u2709 info@radiopark.de","og_url":"https:\/\/radiopark.de\/en\/imprint\/","og_site_name":"Radiopark | Emotions in Music","article_modified_time":"2026-04-28T09:07:23+00:00","twitter_card":"summary_large_image","twitter_misc":{"Est. reading time":"4 minutes"},"schema":{"@context":"https:\/\/schema.org","@graph":[{"@type":"WebPage","@id":"https:\/\/radiopark.de\/en\/imprint\/","url":"https:\/\/radiopark.de\/en\/imprint\/","name":"Imprint Radiopark - Emotions in Music","isPartOf":{"@id":"https:\/\/radiopark.de\/en\/#website"},"datePublished":"2019-03-29T09:58:04+00:00","dateModified":"2026-04-28T09:07:23+00:00","description":"Imprint : Radiopark GmbH & Co KG - Gro\u00dfe Bleichen 21, 20354 Hamburg \u260f +49 40 43 09 37 0 \u2709 info@radiopark.de","breadcrumb":{"@id":"https:\/\/radiopark.de\/en\/imprint\/#breadcrumb"},"inLanguage":"en-US","potentialAction":[{"@type":"ReadAction","target":["https:\/\/radiopark.de\/en\/imprint\/"]}]},{"@type":"BreadcrumbList","@id":"https:\/\/radiopark.de\/en\/imprint\/#breadcrumb","itemListElement":[{"@type":"ListItem","position":1,"name":"Home","item":"https:\/\/radiopark.de\/en\/"},{"@type":"ListItem","position":2,"name":"Imprint"}]},{"@type":"WebSite","@id":"https:\/\/radiopark.de\/en\/#website","url":"https:\/\/radiopark.de\/en\/","name":"Radiopark | Emotions in Music","description":"Music that matters","potentialAction":[{"@type":"SearchAction","target":{"@type":"EntryPoint","urlTemplate":"https:\/\/radiopark.de\/en\/?s={search_term_string}"},"query-input":{"@type":"PropertyValueSpecification","valueRequired":true,"valueName":"search_term_string"}}],"inLanguage":"en-US"}]}},"_links":{"self":[{"href":"https:\/\/radiopark.de\/en\/wp-json\/wp\/v2\/pages\/6176","targetHints":{"allow":["GET"]}}],"collection":[{"href":"https:\/\/radiopark.de\/en\/wp-json\/wp\/v2\/pages"}],"about":[{"href":"https:\/\/radiopark.de\/en\/wp-json\/wp\/v2\/types\/page"}],"author":[{"embeddable":true,"href":"https:\/\/radiopark.de\/en\/wp-json\/wp\/v2\/users\/11"}],"replies":[{"embeddable":true,"href":"https:\/\/radiopark.de\/en\/wp-json\/wp\/v2\/comments?post=6176"}],"version-history":[{"count":10,"href":"https:\/\/radiopark.de\/en\/wp-json\/wp\/v2\/pages\/6176\/revisions"}],"predecessor-version":[{"id":6189,"href":"https:\/\/radiopark.de\/en\/wp-json\/wp\/v2\/pages\/6176\/revisions\/6189"}],"wp:attachment":[{"href":"https:\/\/radiopark.de\/en\/wp-json\/wp\/v2\/media?parent=6176"}],"curies":[{"name":"wp","href":"https:\/\/api.w.org\/{rel}","templated":true}]}}