{"id":5277,"date":"2022-08-03T11:12:54","date_gmt":"2022-08-03T09:12:54","guid":{"rendered":"https:\/\/radiopark.de\/?page_id=5277"},"modified":"2022-09-16T13:29:54","modified_gmt":"2022-09-16T11:29:54","slug":"porsche","status":"publish","type":"page","link":"https:\/\/radiopark.de\/en\/products\/porsche\/","title":{"rendered":"Porsche"},"content":{"rendered":"<p>[et_pb_section fb_built=&#8221;1&#8243; fullwidth=&#8221;on&#8221; admin_label=&#8221;Header Image&#8221; _builder_version=&#8221;4.14.7&#8243; max_height=&#8221;50vh&#8221; global_colors_info=&#8221;{}&#8221;][et_pb_fullwidth_image src=&#8221;https:\/\/radiopark.de\/app\/uploads\/2022\/08\/porsche-back-head-scaled.webp&#8221; title_text=&#8221;porsche-back-head&#8221; _builder_version=&#8221;4.14.7&#8243; global_colors_info=&#8221;{}&#8221;][\/et_pb_fullwidth_image][\/et_pb_section][et_pb_section fb_built=&#8221;1&#8243; admin_label=&#8221;Highest Quality for maximum effect&#8221; _builder_version=&#8221;4.14.7&#8243; custom_padding=&#8221;||1px|||&#8221; global_colors_info=&#8221;{}&#8221;][et_pb_row _builder_version=&#8221;3.25&#8243; global_colors_info=&#8221;{}&#8221;][et_pb_column type=&#8221;4_4&#8243; _builder_version=&#8221;3.25&#8243; custom_padding=&#8221;|||&#8221; global_colors_info=&#8221;{}&#8221; custom_padding__hover=&#8221;|||&#8221;][et_pb_text _builder_version=&#8221;4.14.7&#8243; global_colors_info=&#8221;{}&#8221;]<\/p>\n<h1 class=\"p1\"><b>What does your Porsche sound like? <\/b><\/h1>\n<p>[\/et_pb_text][\/et_pb_column][\/et_pb_row][et_pb_row column_structure=&#8221;1_2,1_2&#8243; _builder_version=&#8221;3.25&#8243; global_colors_info=&#8221;{}&#8221;][et_pb_column type=&#8221;1_2&#8243; _builder_version=&#8221;3.25&#8243; custom_padding=&#8221;|||&#8221; global_colors_info=&#8221;{}&#8221; custom_padding__hover=&#8221;|||&#8221;][et_pb_text _builder_version=&#8221;4.14.7&#8243; global_colors_info=&#8221;{}&#8221;]<\/p>\n<p><span style=\"font-weight: 400;\">Driving a car and listening to music \u2013 a match made in heaven. Not only do we think that, but our clients do so, too! That&#8217;s why we are particularly proud of our collaboration with Porsche as one of the world\u2019s most successful and fascinating automotive brands. In total, more than 15 Porsche locations, worldwide, rely on our music expertise. The tailor made music programs provide the perfect atmosphere for the classic history and tradition of Porsche cars.<\/span><\/p>\n<p class=\"p1\">[\/et_pb_text][\/et_pb_column][et_pb_column type=&#8221;1_2&#8243; _builder_version=&#8221;3.25&#8243; custom_padding=&#8221;|||&#8221; global_colors_info=&#8221;{}&#8221; custom_padding__hover=&#8221;|||&#8221;][et_pb_text _builder_version=&#8221;4.14.7&#8243; global_colors_info=&#8221;{}&#8221;]<\/p>\n<p><span style=\"font-weight: 400;\">How do we find the best music for this premier client and why are Porsche and Radiopark such a\u00a0 good fit? Our founder and CEO Arndt-Helge Grap provides answers to these questions in an interview with Christophorus, the official magazine of Porsche AG. The article as well as the matching playlists for the Porsche driving experience can be found here.<\/span><\/p>\n<p>[\/et_pb_text][\/et_pb_column][\/et_pb_row][\/et_pb_section][et_pb_section fb_built=&#8221;1&#8243; module_id=&#8221;christophorus&#8221; _builder_version=&#8221;4.14.7&#8243; _module_preset=&#8221;default&#8221; custom_padding=&#8221;1px||2px|||&#8221; global_colors_info=&#8221;{}&#8221;][et_pb_row _builder_version=&#8221;4.14.7&#8243; _module_preset=&#8221;default&#8221; custom_padding=&#8221;||2px|||&#8221; global_colors_info=&#8221;{}&#8221;][et_pb_column type=&#8221;4_4&#8243; _builder_version=&#8221;4.14.7&#8243; _module_preset=&#8221;default&#8221; global_colors_info=&#8221;{}&#8221;][et_pb_text _builder_version=&#8221;4.14.7&#8243; _module_preset=&#8221;default&#8221; hover_enabled=&#8221;0&#8243; global_colors_info=&#8221;{}&#8221; sticky_enabled=&#8221;0&#8243;]<\/p>\n<h2>Christophorus<\/h2>\n<h5><span class=\"christophorus-color\">Beyond Silence: Arndt-Helge Grap once wanted to be a music teacher. Now his company Radiopark develops soundscapes for businesses. Globally, around the clock, and tailored to the specific brand experience.<\/span><\/h5>\n<p><span style=\"font-weight: 400;\"><span class=\"christophorus-color\">Read the full article on <a href=\"https:\/\/christophorus.porsche.com\/en\/2022\/404\/arndt-helge-grap.html\" target=\"_blank\" rel=\"noopener\" title=\"Beyond Silence | Porsche\">Christophorus<\/a><\/span><\/span><\/p>\n<p>[\/et_pb_text][\/et_pb_column][\/et_pb_row][et_pb_row _builder_version=&#8221;4.14.7&#8243; _module_preset=&#8221;default&#8221; global_colors_info=&#8221;{}&#8221;][et_pb_column type=&#8221;4_4&#8243; _builder_version=&#8221;4.14.7&#8243; _module_preset=&#8221;default&#8221; global_colors_info=&#8221;{}&#8221;][et_pb_image src=&#8221;https:\/\/radiopark.de\/app\/uploads\/2022\/09\/b-Inhalt2-e1663279506107.jpg&#8221; alt=&#8221;Arndt-Helge Grap Christophorus&#8221; title_text=&#8221;Arndt-Helge Grap Christophorus&#8221; url=&#8221;https:\/\/christophorus.porsche.com\/en\/2022\/404\/arndt-helge-grap.html&#8221; _builder_version=&#8221;4.14.7&#8243; _module_preset=&#8221;default&#8221; hover_enabled=&#8221;0&#8243; border_radii=&#8221;on|14px|14px|14px|14px&#8221; global_colors_info=&#8221;{}&#8221; url_new_window=&#8221;on&#8221; sticky_enabled=&#8221;0&#8243;][\/et_pb_image][\/et_pb_column][\/et_pb_row][\/et_pb_section][et_pb_section fb_built=&#8221;1&#8243; admin_label=&#8221;Miscellaneous&#8221; module_id=&#8221;porschepl&#8221; _builder_version=&#8221;4.14.7&#8243; background_color=&#8221;rgba(0,0,0,0)&#8221; background_image=&#8221;https:\/\/radiopark.de\/app\/uploads\/2019\/03\/radiopark-background-09.png&#8221; custom_padding=&#8221;0px|||||&#8221; global_colors_info=&#8221;{}&#8221;][et_pb_row _builder_version=&#8221;3.25&#8243; global_colors_info=&#8221;{}&#8221;][et_pb_column type=&#8221;4_4&#8243; _builder_version=&#8221;3.25&#8243; custom_padding=&#8221;|||&#8221; global_colors_info=&#8221;{}&#8221; custom_padding__hover=&#8221;|||&#8221;][et_pb_text _builder_version=&#8221;4.14.7&#8243; global_colors_info=&#8221;{}&#8221;]<\/p>\n<h2 id=\"miscellaneous\">Playlists<\/h2>\n<p>[\/et_pb_text][et_pb_text _builder_version=&#8221;4.14.7&#8243; global_colors_info=&#8221;{}&#8221;]<\/p>\n<h3>1. Porsche Targa Vintage Highway<\/h3>\n<p><iframe style=\"border-radius:12px\" src=\"https:\/\/open.spotify.com\/embed\/playlist\/3sISDvQ7Fhs2zSGFH0TiIW?utm_source=generator\" width=\"100%\" height=\"380\" frameBorder=\"0\" allowfullscreen=\"\" allow=\"autoplay; clipboard-write; encrypted-media; fullscreen; picture-in-picture\" loading=\"lazy\"><\/iframe><\/p>\n<h3>2. Porsche Convertible Sunshine Avenue<\/h3>\n<p><iframe style=\"border-radius:12px\" src=\"https:\/\/open.spotify.com\/embed\/playlist\/0LnJpcOp8QAWBXezpnkIIZ?utm_source=generator\" width=\"100%\" height=\"380\" frameBorder=\"0\" allowfullscreen=\"\" allow=\"autoplay; clipboard-write; encrypted-media; fullscreen; picture-in-picture\" loading=\"lazy\"><\/iframe><\/p>\n<h3>3. Porsche Panamera Smooth Elegant<\/h3>\n<p><iframe style=\"border-radius:12px\" src=\"https:\/\/open.spotify.com\/embed\/playlist\/3n8UfViUHMIwMWVk3kIqNX?utm_source=generator\" width=\"100%\" height=\"380\" frameBorder=\"0\" allowfullscreen=\"\" allow=\"autoplay; clipboard-write; encrypted-media; fullscreen; picture-in-picture\" loading=\"lazy\"><\/iframe><\/p>\n<h3>4. Porsche Carrera Turbo Tracks<\/h3>\n<p><iframe style=\"border-radius:12px\" src=\"https:\/\/open.spotify.com\/embed\/playlist\/6EXnqUeoq42x8JhxDNf9Ue?utm_source=generator\" width=\"100%\" height=\"380\" frameBorder=\"0\" allowfullscreen=\"\" allow=\"autoplay; clipboard-write; encrypted-media; fullscreen; picture-in-picture\" loading=\"lazy\"><\/iframe><\/p>\n<h3>5. Porsche Taycan New Electrical<\/h3>\n<p><iframe style=\"border-radius:12px\" src=\"https:\/\/open.spotify.com\/embed\/playlist\/7pB5IiVkZVwysLRBpqHQ3V?utm_source=generator\" width=\"100%\" height=\"380\" frameBorder=\"0\" allowfullscreen=\"\" allow=\"autoplay; clipboard-write; encrypted-media; fullscreen; picture-in-picture\" loading=\"lazy\"><\/iframe>[\/et_pb_text][\/et_pb_column][\/et_pb_row][\/et_pb_section][et_pb_section fb_built=&#8221;1&#8243; module_id=&#8221;divporscheform&#8221; _builder_version=&#8221;4.14.7&#8243; _module_preset=&#8221;default&#8221; global_colors_info=&#8221;{}&#8221;][et_pb_row _builder_version=&#8221;4.14.7&#8243; _module_preset=&#8221;default&#8221; global_colors_info=&#8221;{}&#8221;][et_pb_column type=&#8221;4_4&#8243; _builder_version=&#8221;4.14.7&#8243; _module_preset=&#8221;default&#8221; global_colors_info=&#8221;{}&#8221;][et_pb_text _builder_version=&#8221;4.14.7&#8243; _module_preset=&#8221;default&#8221; max_width=&#8221;78%&#8221; module_alignment=&#8221;center&#8221; global_colors_info=&#8221;{}&#8221;]<\/p>\n<h3><span style=\"color: #b1814c;\">Would you like to listen to Radiopark&#8217;s music programs in your dealership or car? Then contact Radiopark by simply filling out the form and we will get back to you as soon as possible<\/span><\/h3>\n<p>[\/et_pb_text][\/et_pb_column][\/et_pb_row][et_pb_row _builder_version=&#8221;4.14.7&#8243; _module_preset=&#8221;default&#8221; global_colors_info=&#8221;{}&#8221;][et_pb_column type=&#8221;4_4&#8243; _builder_version=&#8221;4.14.7&#8243; _module_preset=&#8221;default&#8221; global_colors_info=&#8221;{}&#8221;][et_pb_contact_form use_spam_service=&#8221;on&#8221; recaptcha_list=&#8221;Default|Default-0&#8243; success_message=&#8221;We have received your data and will get back to you as soon as possible.&#8221; submit_button_text=&#8221;Submit&#8221; module_id=&#8221;porscheContactForm&#8221; _builder_version=&#8221;4.14.7&#8243; _module_preset=&#8221;default&#8221; _unique_id=&#8221;08d827e6-4024-4a85-b247-7b4b7c39363f&#8221; form_field_focus_background_color=&#8221;#B5D9D6&#8243; form_field_focus_text_color=&#8221;#69A19C&#8221; custom_button=&#8221;on&#8221; button_text_size=&#8221;20px&#8221; button_bg_color=&#8221;#69a19c&#8221; button_border_width=&#8221;5px&#8221; max_width=&#8221;69%&#8221; module_alignment=&#8221;center&#8221; global_colors_info=&#8221;{}&#8221;][et_pb_contact_field field_id=&#8221;firstName&#8221; field_title=&#8221;First Name&#8221; _builder_version=&#8221;4.14.7&#8243; global_colors_info=&#8221;{}&#8221; button_text_size__hover_enabled=&#8221;off&#8221; button_one_text_size__hover_enabled=&#8221;off&#8221; button_two_text_size__hover_enabled=&#8221;off&#8221; button_text_color__hover_enabled=&#8221;off&#8221; button_one_text_color__hover_enabled=&#8221;off&#8221; button_two_text_color__hover_enabled=&#8221;off&#8221; button_border_width__hover_enabled=&#8221;off&#8221; button_one_border_width__hover_enabled=&#8221;off&#8221; button_two_border_width__hover_enabled=&#8221;off&#8221; button_border_color__hover_enabled=&#8221;off&#8221; button_one_border_color__hover_enabled=&#8221;off&#8221; button_two_border_color__hover_enabled=&#8221;off&#8221; button_border_radius__hover_enabled=&#8221;off&#8221; button_one_border_radius__hover_enabled=&#8221;off&#8221; button_two_border_radius__hover_enabled=&#8221;off&#8221; button_letter_spacing__hover_enabled=&#8221;off&#8221; button_one_letter_spacing__hover_enabled=&#8221;off&#8221; button_two_letter_spacing__hover_enabled=&#8221;off&#8221; button_bg_color__hover_enabled=&#8221;off&#8221; button_one_bg_color__hover_enabled=&#8221;off&#8221; button_two_bg_color__hover_enabled=&#8221;off&#8221;][\/et_pb_contact_field][et_pb_contact_field field_id=&#8221;lastName&#8221; field_title=&#8221;Last Name&#8221; _builder_version=&#8221;4.14.7&#8243; global_colors_info=&#8221;{}&#8221; button_text_size__hover_enabled=&#8221;off&#8221; button_one_text_size__hover_enabled=&#8221;off&#8221; button_two_text_size__hover_enabled=&#8221;off&#8221; button_text_color__hover_enabled=&#8221;off&#8221; button_one_text_color__hover_enabled=&#8221;off&#8221; button_two_text_color__hover_enabled=&#8221;off&#8221; button_border_width__hover_enabled=&#8221;off&#8221; button_one_border_width__hover_enabled=&#8221;off&#8221; button_two_border_width__hover_enabled=&#8221;off&#8221; button_border_color__hover_enabled=&#8221;off&#8221; button_one_border_color__hover_enabled=&#8221;off&#8221; button_two_border_color__hover_enabled=&#8221;off&#8221; button_border_radius__hover_enabled=&#8221;off&#8221; button_one_border_radius__hover_enabled=&#8221;off&#8221; button_two_border_radius__hover_enabled=&#8221;off&#8221; button_letter_spacing__hover_enabled=&#8221;off&#8221; button_one_letter_spacing__hover_enabled=&#8221;off&#8221; button_two_letter_spacing__hover_enabled=&#8221;off&#8221; button_bg_color__hover_enabled=&#8221;off&#8221; button_one_bg_color__hover_enabled=&#8221;off&#8221; button_two_bg_color__hover_enabled=&#8221;off&#8221;][\/et_pb_contact_field][et_pb_contact_field field_id=&#8221;Email&#8221; field_title=&#8221;Email Address&#8221; field_type=&#8221;email&#8221; fullwidth_field=&#8221;on&#8221; _builder_version=&#8221;4.14.7&#8243; global_colors_info=&#8221;{}&#8221; button_text_size__hover_enabled=&#8221;off&#8221; button_one_text_size__hover_enabled=&#8221;off&#8221; button_two_text_size__hover_enabled=&#8221;off&#8221; button_text_color__hover_enabled=&#8221;off&#8221; button_one_text_color__hover_enabled=&#8221;off&#8221; button_two_text_color__hover_enabled=&#8221;off&#8221; button_border_width__hover_enabled=&#8221;off&#8221; button_one_border_width__hover_enabled=&#8221;off&#8221; button_two_border_width__hover_enabled=&#8221;off&#8221; button_border_color__hover_enabled=&#8221;off&#8221; button_one_border_color__hover_enabled=&#8221;off&#8221; button_two_border_color__hover_enabled=&#8221;off&#8221; button_border_radius__hover_enabled=&#8221;off&#8221; button_one_border_radius__hover_enabled=&#8221;off&#8221; button_two_border_radius__hover_enabled=&#8221;off&#8221; button_letter_spacing__hover_enabled=&#8221;off&#8221; button_one_letter_spacing__hover_enabled=&#8221;off&#8221; button_two_letter_spacing__hover_enabled=&#8221;off&#8221; button_bg_color__hover_enabled=&#8221;off&#8221; button_one_bg_color__hover_enabled=&#8221;off&#8221; button_two_bg_color__hover_enabled=&#8221;off&#8221;][\/et_pb_contact_field][et_pb_contact_field field_id=&#8221;status&#8221; field_title=&#8221;Status&#8221; field_type=&#8221;radio&#8221; radio_options=&#8221;%91{%22value%22:%22Dealership%22,%22checked%22:0,%22dragID%22:-1},{%22value%22:%22Driver%22,%22checked%22:0,%22dragID%22:0},{%22value%22:%22Other%22,%22checked%22:0,%22dragID%22:1}%93&#8243; fullwidth_field=&#8221;on&#8221; _builder_version=&#8221;4.14.7&#8243; _module_preset=&#8221;default&#8221; global_colors_info=&#8221;{}&#8221;][\/et_pb_contact_field][et_pb_contact_field field_id=&#8221;Message&#8221; field_title=&#8221;I want your music &#8230;..&#8221; field_type=&#8221;text&#8221; fullwidth_field=&#8221;on&#8221; _builder_version=&#8221;4.14.7&#8243; global_colors_info=&#8221;{}&#8221; button_text_size__hover_enabled=&#8221;off&#8221; button_one_text_size__hover_enabled=&#8221;off&#8221; button_two_text_size__hover_enabled=&#8221;off&#8221; button_text_color__hover_enabled=&#8221;off&#8221; button_one_text_color__hover_enabled=&#8221;off&#8221; button_two_text_color__hover_enabled=&#8221;off&#8221; button_border_width__hover_enabled=&#8221;off&#8221; button_one_border_width__hover_enabled=&#8221;off&#8221; button_two_border_width__hover_enabled=&#8221;off&#8221; button_border_color__hover_enabled=&#8221;off&#8221; button_one_border_color__hover_enabled=&#8221;off&#8221; button_two_border_color__hover_enabled=&#8221;off&#8221; button_border_radius__hover_enabled=&#8221;off&#8221; button_one_border_radius__hover_enabled=&#8221;off&#8221; button_two_border_radius__hover_enabled=&#8221;off&#8221; button_letter_spacing__hover_enabled=&#8221;off&#8221; button_one_letter_spacing__hover_enabled=&#8221;off&#8221; button_two_letter_spacing__hover_enabled=&#8221;off&#8221; button_bg_color__hover_enabled=&#8221;off&#8221; button_one_bg_color__hover_enabled=&#8221;off&#8221; button_two_bg_color__hover_enabled=&#8221;off&#8221;][\/et_pb_contact_field][\/et_pb_contact_form][\/et_pb_column][\/et_pb_row][\/et_pb_section]<\/p>\n","protected":false},"excerpt":{"rendered":"<p>What does your Porsche sound like? Driving a car and listening to music \u2013 a match made in heaven. Not only do we think that, but our clients do so, too! That&#8217;s why we are particularly proud of our collaboration with Porsche as one of the world\u2019s most successful and fascinating automotive brands. In total, [&hellip;]<\/p>\n","protected":false},"author":11,"featured_media":0,"parent":5,"menu_order":0,"comment_status":"closed","ping_status":"closed","template":"","meta":{"_acf_changed":false,"_et_pb_use_builder":"on","_et_pb_old_content":"<p>[et_pb_section fb_built=\"1\" fullwidth=\"on\" admin_label=\"Header Image\" _builder_version=\"4.14.7\" hover_enabled=\"0\" global_colors_info=\"{}\" max_height=\"50vh\" sticky_enabled=\"0\"][et_pb_fullwidth_image src=\"https:\/\/radiopark.de\/app\/uploads\/2022\/08\/porsche-back-head-scaled.webp\" _builder_version=\"4.14.7\" global_colors_info=\"{}\" title_text=\"porsche-back-head\" hover_enabled=\"0\" sticky_enabled=\"0\"][\/et_pb_fullwidth_image][\/et_pb_section][et_pb_section fb_built=\"1\" admin_label=\"Highest Quality for maximum effect\" _builder_version=\"4.14.7\" global_colors_info=\"{}\" hover_enabled=\"0\" sticky_enabled=\"0\"][et_pb_row _builder_version=\"3.25\" global_colors_info=\"{}\"][et_pb_column type=\"4_4\" _builder_version=\"3.25\" custom_padding=\"|||\" global_colors_info=\"{}\" custom_padding__hover=\"|||\"][et_pb_text _builder_version=\"4.14.7\" hover_enabled=\"0\" global_colors_info=\"{}\" sticky_enabled=\"0\"]<\/p><h1 class=\"p1\"><b>Wie klingt ihr Porsche?<\/b><\/h1><p>[\/et_pb_text][\/et_pb_column][\/et_pb_row][et_pb_row column_structure=\"1_2,1_2\" _builder_version=\"3.25\" global_colors_info=\"{}\"][et_pb_column type=\"1_2\" _builder_version=\"3.25\" custom_padding=\"|||\" global_colors_info=\"{}\" custom_padding__hover=\"|||\"][et_pb_text _builder_version=\"4.14.7\" global_colors_info=\"{}\" sticky_enabled=\"0\"]<\/p><p><span style=\"font-weight: 400;\">Autofahren und Musik, das geh\u00f6rt zusammen. Das finden nicht nur wir bei Radiopark sondern auch unsere Kunden<\/span><span style=\"font-weight: 400;\">. <\/span><span style=\"font-weight: 400;\">Mit Porsche vertraut einer der erfolgreichsten Automobilhersteller weltweit auf Radioparks Erfahrung. Insgesamt versorgen unsere Musikexperten mehr als 15 Porsche-Zentren mit der passenden Musik. <\/span><span style=\"font-weight: 400;\">\u00a0Die individuellen Programme sorgen an den Standorten f\u00fcr die perfekte Atmosph\u00e4re rund um die faszinierende Marke.<\/span><\/p><p class=\"p1\">[\/et_pb_text][\/et_pb_column][et_pb_column type=\"1_2\" _builder_version=\"3.25\" custom_padding=\"|||\" global_colors_info=\"{}\" custom_padding__hover=\"|||\"][et_pb_text _builder_version=\"4.14.7\" global_colors_info=\"{}\" sticky_enabled=\"0\"]<\/p><p><span style=\"font-weight: 400;\">Welche Musik am besten zu Porsche passt und warum Radiopark und Porsche sich so gut erg\u00e4nzen, erkl\u00e4rt Radiopark Gr\u00fcnder und CEO Arndt-Helge Grap im Interview mit Christophorus, dem offiziellen Magazin der Porsche AG. Den Artikel sowie die passende Playlists zum Porsche Fahrerlebnis finden Sie hier.<\/span><\/p><p>[\/et_pb_text][\/et_pb_column][\/et_pb_row][\/et_pb_section][et_pb_section fb_built=\"1\" admin_label=\"Miscellaneous\" _builder_version=\"4.14.7\" background_color=\"rgba(0,0,0,0)\" background_image=\"https:\/\/radiopark.de\/app\/uploads\/2019\/03\/radiopark-background-09.png\" global_colors_info=\"{}\" hover_enabled=\"0\" sticky_enabled=\"0\"][et_pb_row _builder_version=\"3.25\" global_colors_info=\"{}\"][et_pb_column type=\"4_4\" _builder_version=\"3.25\" custom_padding=\"|||\" global_colors_info=\"{}\" custom_padding__hover=\"|||\"][et_pb_text _builder_version=\"4.14.7\" hover_enabled=\"0\" global_colors_info=\"{}\" sticky_enabled=\"0\"]<\/p><h2 id=\"miscellaneous\">Playlists<\/h2><p>[\/et_pb_text][et_pb_text _builder_version=\"4.14.7\" hover_enabled=\"0\" global_colors_info=\"{}\" sticky_enabled=\"0\"]<\/p><h3>1. Porsche Targa Vintage Highway<\/h3><p><iframe style=\"border-radius: 12px;\" src=\"https:\/\/open.spotify.com\/embed\/playlist\/2VPNXHcMDt6FR67BozCK9w?utm_source=generator\" width=\"100%\" height=\"380\" frameborder=\"0\" allowfullscreen=\"allowfullscreen\" data-mce-fragment=\"1\"><\/iframe><\/p><h3>2. Porsche Convertible Sunshine Avenue<\/h3><h3>3. Porsche Panamera Smooth Elegant<\/h3><h3>4. Porsche Carrera Turbo Tracks<\/h3><h3>5. Porsche Taycan New Electrical<\/h3><p>[\/et_pb_text][\/et_pb_column][\/et_pb_row][\/et_pb_section]<\/p>","_et_gb_content_width":"","footnotes":""},"class_list":["post-5277","page","type-page","status-publish","hentry"],"acf":[],"yoast_head":"<!-- This site is optimized with the Yoast SEO plugin v27.1.1 - https:\/\/yoast.com\/product\/yoast-seo-wordpress\/ -->\n<title>Porsche - Radiopark | Emotions in Music<\/title>\n<meta name=\"robots\" content=\"index, follow, max-snippet:-1, max-image-preview:large, max-video-preview:-1\" \/>\n<link rel=\"canonical\" href=\"https:\/\/radiopark.de\/en\/products\/porsche\/\" \/>\n<meta property=\"og:locale\" content=\"en_US\" \/>\n<meta property=\"og:type\" content=\"article\" \/>\n<meta property=\"og:title\" content=\"Porsche - Radiopark | Emotions in Music\" \/>\n<meta property=\"og:description\" content=\"What does your Porsche sound like? Driving a car and listening to music \u2013 a match made in heaven. Not only do we think that, but our clients do so, too! That&#039;s why we are particularly proud of our collaboration with Porsche as one of the world\u2019s most successful and fascinating automotive brands. In total, [&hellip;]\" \/>\n<meta property=\"og:url\" content=\"https:\/\/radiopark.de\/en\/products\/porsche\/\" \/>\n<meta property=\"og:site_name\" content=\"Radiopark | Emotions in Music\" \/>\n<meta property=\"article:modified_time\" content=\"2022-09-16T11:29:54+00:00\" \/>\n<meta name=\"twitter:card\" content=\"summary_large_image\" \/>\n<meta name=\"twitter:label1\" content=\"Est. reading time\" \/>\n\t<meta name=\"twitter:data1\" content=\"8 minutes\" \/>\n<script type=\"application\/ld+json\" class=\"yoast-schema-graph\">{\"@context\":\"https:\/\/schema.org\",\"@graph\":[{\"@type\":\"WebPage\",\"@id\":\"https:\/\/radiopark.de\/en\/products\/porsche\/\",\"url\":\"https:\/\/radiopark.de\/en\/products\/porsche\/\",\"name\":\"Porsche - Radiopark | Emotions in Music\",\"isPartOf\":{\"@id\":\"https:\/\/radiopark.de\/en\/#website\"},\"datePublished\":\"2022-08-03T09:12:54+00:00\",\"dateModified\":\"2022-09-16T11:29:54+00:00\",\"breadcrumb\":{\"@id\":\"https:\/\/radiopark.de\/en\/products\/porsche\/#breadcrumb\"},\"inLanguage\":\"en-US\",\"potentialAction\":[{\"@type\":\"ReadAction\",\"target\":[\"https:\/\/radiopark.de\/en\/products\/porsche\/\"]}]},{\"@type\":\"BreadcrumbList\",\"@id\":\"https:\/\/radiopark.de\/en\/products\/porsche\/#breadcrumb\",\"itemListElement\":[{\"@type\":\"ListItem\",\"position\":1,\"name\":\"Home\",\"item\":\"https:\/\/radiopark.de\/en\/\"},{\"@type\":\"ListItem\",\"position\":2,\"name\":\"Products\",\"item\":\"https:\/\/radiopark.de\/en\/produkte\/\"},{\"@type\":\"ListItem\",\"position\":3,\"name\":\"Porsche\"}]},{\"@type\":\"WebSite\",\"@id\":\"https:\/\/radiopark.de\/en\/#website\",\"url\":\"https:\/\/radiopark.de\/en\/\",\"name\":\"Radiopark | Emotions in Music\",\"description\":\"Music that matters\",\"potentialAction\":[{\"@type\":\"SearchAction\",\"target\":{\"@type\":\"EntryPoint\",\"urlTemplate\":\"https:\/\/radiopark.de\/en\/?s={search_term_string}\"},\"query-input\":{\"@type\":\"PropertyValueSpecification\",\"valueRequired\":true,\"valueName\":\"search_term_string\"}}],\"inLanguage\":\"en-US\"}]}<\/script>\n<!-- \/ Yoast SEO plugin. -->","yoast_head_json":{"title":"Porsche - Radiopark | Emotions in Music","robots":{"index":"index","follow":"follow","max-snippet":"max-snippet:-1","max-image-preview":"max-image-preview:large","max-video-preview":"max-video-preview:-1"},"canonical":"https:\/\/radiopark.de\/en\/products\/porsche\/","og_locale":"en_US","og_type":"article","og_title":"Porsche - Radiopark | Emotions in Music","og_description":"What does your Porsche sound like? Driving a car and listening to music \u2013 a match made in heaven. Not only do we think that, but our clients do so, too! That's why we are particularly proud of our collaboration with Porsche as one of the world\u2019s most successful and fascinating automotive brands. In total, [&hellip;]","og_url":"https:\/\/radiopark.de\/en\/products\/porsche\/","og_site_name":"Radiopark | Emotions in Music","article_modified_time":"2022-09-16T11:29:54+00:00","twitter_card":"summary_large_image","twitter_misc":{"Est. reading time":"8 minutes"},"schema":{"@context":"https:\/\/schema.org","@graph":[{"@type":"WebPage","@id":"https:\/\/radiopark.de\/en\/products\/porsche\/","url":"https:\/\/radiopark.de\/en\/products\/porsche\/","name":"Porsche - Radiopark | Emotions in Music","isPartOf":{"@id":"https:\/\/radiopark.de\/en\/#website"},"datePublished":"2022-08-03T09:12:54+00:00","dateModified":"2022-09-16T11:29:54+00:00","breadcrumb":{"@id":"https:\/\/radiopark.de\/en\/products\/porsche\/#breadcrumb"},"inLanguage":"en-US","potentialAction":[{"@type":"ReadAction","target":["https:\/\/radiopark.de\/en\/products\/porsche\/"]}]},{"@type":"BreadcrumbList","@id":"https:\/\/radiopark.de\/en\/products\/porsche\/#breadcrumb","itemListElement":[{"@type":"ListItem","position":1,"name":"Home","item":"https:\/\/radiopark.de\/en\/"},{"@type":"ListItem","position":2,"name":"Products","item":"https:\/\/radiopark.de\/en\/produkte\/"},{"@type":"ListItem","position":3,"name":"Porsche"}]},{"@type":"WebSite","@id":"https:\/\/radiopark.de\/en\/#website","url":"https:\/\/radiopark.de\/en\/","name":"Radiopark | Emotions in Music","description":"Music that matters","potentialAction":[{"@type":"SearchAction","target":{"@type":"EntryPoint","urlTemplate":"https:\/\/radiopark.de\/en\/?s={search_term_string}"},"query-input":{"@type":"PropertyValueSpecification","valueRequired":true,"valueName":"search_term_string"}}],"inLanguage":"en-US"}]}},"_links":{"self":[{"href":"https:\/\/radiopark.de\/en\/wp-json\/wp\/v2\/pages\/5277","targetHints":{"allow":["GET"]}}],"collection":[{"href":"https:\/\/radiopark.de\/en\/wp-json\/wp\/v2\/pages"}],"about":[{"href":"https:\/\/radiopark.de\/en\/wp-json\/wp\/v2\/types\/page"}],"author":[{"embeddable":true,"href":"https:\/\/radiopark.de\/en\/wp-json\/wp\/v2\/users\/11"}],"replies":[{"embeddable":true,"href":"https:\/\/radiopark.de\/en\/wp-json\/wp\/v2\/comments?post=5277"}],"version-history":[{"count":12,"href":"https:\/\/radiopark.de\/en\/wp-json\/wp\/v2\/pages\/5277\/revisions"}],"predecessor-version":[{"id":5450,"href":"https:\/\/radiopark.de\/en\/wp-json\/wp\/v2\/pages\/5277\/revisions\/5450"}],"up":[{"embeddable":true,"href":"https:\/\/radiopark.de\/en\/wp-json\/wp\/v2\/pages\/5"}],"wp:attachment":[{"href":"https:\/\/radiopark.de\/en\/wp-json\/wp\/v2\/media?parent=5277"}],"curies":[{"name":"wp","href":"https:\/\/api.w.org\/{rel}","templated":true}]}}